{"id":48,"date":"2023-05-11T12:40:27","date_gmt":"2023-05-11T12:40:27","guid":{"rendered":"https:\/\/horntorpet.se\/?page_id=48"},"modified":"2023-08-17T14:10:23","modified_gmt":"2023-08-17T14:10:23","slug":"startsida","status":"publish","type":"page","link":"https:\/\/horntorpet.se\/","title":{"rendered":""},"content":{"rendered":"\n<div class=\"wp-block-group is-layout-constrained\"><div class=\"wp-block-group__inner-container\">\n<h2 class=\"wp-block-heading\">Horntorpet \u2013 <strong>Vi vill vara en omt\u00e4nksam pusselbit!<\/strong><\/h2>\n\n\n\n<p>N\u00e4r ungdomar slutar g\u00e5 till skolan finns det en anledning eller fler.<br>Vi kan vara en pusselbit som g\u00f6r att de \u00e5terg\u00e5r till skolan eller hittar en annan plats i samh\u00e4llet d\u00e4r de trivs och v\u00e4xer. Genom att erbjuda meningsfull verksamhet i ett h\u00e5llbart sammanhang f\u00e5r vi unga vuxna att se m\u00f6jligheter, utvecklas och f\u00e5 framtidstro. Tillsammans med skolan kan vi hj\u00e4lpas \u00e5t att hitta individanpassade och flexibla l\u00f6sningar&nbsp;<br><br><strong>Horntorpet \u00e4r ett socialt f\u00f6retag som har fokus p\u00e5 de tre h\u00e5llbarhetsdimensionerna:<br>ekologisk, social och ekonomisk h\u00e5llbarhet.<\/strong><\/p>\n\n\n\n<p>Genom att h\u00e5lla f\u00f6rel\u00e4sningar, workshops och utbildning inom omr\u00e5den med anknytning till de tre dimensionerna vill vi bidra till ett h\u00e5llbart samh\u00e4lle. Hornuddenmodellen \u00e4r ett arbetss\u00e4tt d\u00e4r det finns m\u00f6jlighet till studiest\u00f6dsplats, anpassad arbetstr\u00e4ning samt v\u00e4gledningssamtal som anpassas efter deltagarens behov.<\/p>\n\n\n\n<p>Genom Hornudden-modellen har vi skapat ett erbjudande som v\u00e4nder sig till skolor, kommuner och organisationer som ansvarar f\u00f6r ungdomars skolg\u00e5ng och aktivitet. Med inspiration fr\u00e5n Konsekvenspedagogiken och erfarenhet fr\u00e5n arbete med unga vuxna som varken arbetar eller studerar (UVAS) \u00e4r modellen en pusselbit f\u00f6r att g\u00f6ra nytta och f\u00e5 ungdomar att hitta sin plats i samh\u00e4llet.<\/p>\n\n\n\n<div class=\"wp-block-columns is-layout-flex wp-container-3\">\n<div class=\"wp-block-column is-layout-flow\">\n<p><strong>Vision:<\/strong><br>Att bidra till en v\u00e4rld d\u00e4r vi till\u00e5ts att visa vilka vi \u00e4r och respekteras f\u00f6r det. En v\u00e4rld med omtanke, trygghet och tid f\u00f6r varandra.&nbsp;<\/p>\n<\/div>\n\n\n\n<div class=\"wp-block-column is-layout-flow\">\n<p><strong>Mission:<\/strong><br>Att vara en viktig och inspirerande samh\u00e4llsakt\u00f6r som p\u00e5 olika s\u00e4tt bidrar till att ungdomar och unga vuxna fullf\u00f6ljer sina studier och\/eller f\u00e5r en meningsfull syssels\u00e4ttning. Men ocks\u00e5 att vi bidrar till utvecklande aktiviteter d\u00e4r \u00e5lder inte spelar n\u00e5gon roll.<\/p>\n<\/div>\n<\/div>\n\n\n\n<div style=\"height:100px\" aria-hidden=\"true\" class=\"wp-block-spacer\"><\/div>\n<\/div><\/div>\n","protected":false},"excerpt":{"rendered":"<p>Horntorpet \u2013 Vi vill vara en omt\u00e4nksam pusselbit! N\u00e4r ungdomar slutar g\u00e5 till skolan finns det en anledning eller fler.Vi kan vara en pusselbit som g\u00f6r att de \u00e5terg\u00e5r till skolan eller hittar en annan plats i samh\u00e4llet d\u00e4r de trivs och v\u00e4xer. Genom att erbjuda meningsfull verksamhet i ett h\u00e5llbart sammanhang f\u00e5r vi unga&hellip;&nbsp;<a href=\"https:\/\/horntorpet.se\/\" class=\"\" rel=\"bookmark\">L\u00e4s mer &raquo;<span class=\"screen-reader-text\"><\/span><\/a><\/p>\n","protected":false},"author":1,"featured_media":7,"parent":0,"menu_order":0,"comment_status":"closed","ping_status":"closed","template":"","meta":{"neve_meta_sidebar":"full-width","neve_meta_container":"contained","neve_meta_enable_content_width":"","neve_meta_content_width":0,"neve_meta_title_alignment":"","neve_meta_author_avatar":"","neve_post_elements_order":"","neve_meta_disable_header":"","neve_meta_disable_footer":"","neve_meta_disable_title":""},"_links":{"self":[{"href":"https:\/\/horntorpet.se\/index.php\/wp-json\/wp\/v2\/pages\/48"}],"collection":[{"href":"https:\/\/horntorpet.se\/index.php\/wp-json\/wp\/v2\/pages"}],"about":[{"href":"https:\/\/horntorpet.se\/index.php\/wp-json\/wp\/v2\/types\/page"}],"author":[{"embeddable":true,"href":"https:\/\/horntorpet.se\/index.php\/wp-json\/wp\/v2\/users\/1"}],"replies":[{"embeddable":true,"href":"https:\/\/horntorpet.se\/index.php\/wp-json\/wp\/v2\/comments?post=48"}],"version-history":[{"count":11,"href":"https:\/\/horntorpet.se\/index.php\/wp-json\/wp\/v2\/pages\/48\/revisions"}],"predecessor-version":[{"id":208,"href":"https:\/\/horntorpet.se\/index.php\/wp-json\/wp\/v2\/pages\/48\/revisions\/208"}],"wp:featuredmedia":[{"embeddable":true,"href":"https:\/\/horntorpet.se\/index.php\/wp-json\/wp\/v2\/media\/7"}],"wp:attachment":[{"href":"https:\/\/horntorpet.se\/index.php\/wp-json\/wp\/v2\/media?parent=48"}],"curies":[{"name":"wp","href":"https:\/\/api.w.org\/{rel}","templated":true}]}}